{"id":282,"date":"2019-08-01T13:24:10","date_gmt":"2019-08-01T11:24:10","guid":{"rendered":"http:\/\/kienig.pl\/?page_id=282"},"modified":"2019-08-01T15:04:31","modified_gmt":"2019-08-01T13:04:31","slug":"slowackie-tatry-wrzesien-2019","status":"publish","type":"page","link":"http:\/\/kienig.pl\/?page_id=282","title":{"rendered":"S\u0142owackie Tatry &#8211; wrzesie\u0144 2019"},"content":{"rendered":"\n<p style=\"text-align:left\">Je\u015bli kto\u015b nie by\u0142 jeszcze w Tatrach S\u0142owackich (a nawet je\u015bli by\u0142) proponuj\u0119 przeczyta\u0107: <\/p>\n\n\n\n<p style=\"text-align:center\"><a href=\"https:\/\/www.podrozepoeuropie.pl\/tatry-slowackie\/\">https:\/\/www.podrozepoeuropie.pl\/tatry-slowackie\/<\/a> <\/p>\n\n\n\n<p>Znajdziemy tu du\u017co przydatnych informacji o regionie, jego atrakcjach, cenach niekt\u00f3rych us\u0142ug, praktyczne porady \u2026<\/p>\n\n\n\n<p><strong>Wa\u017cn\u0105 informacj\u0105<\/strong>\njest to, \u017ce warto wykupi\u0107 ubezpieczenie turystyczne, gdy\u017c akcje ratownicze w\nTatrach s\u0142owackich s\u0105 <strong>ODP\u0141ATNE<\/strong>!<\/p>\n\n\n\n<p><strong>1. Termin:&nbsp;&nbsp; <\/strong><br>Wybierzemy jeden, ten kt\u00f3ry b\u0119dzie pasowa wi\u0119kszej liczbie os\u00f3b. Nie trzeba trzyma\u0107 si\u0119 dok\u0142adnie tego terminu. Mo\u017cna przyjecha\u0107 wcze\u015bniej, zosta\u0107 na d\u0142u\u017cej, albo wpa\u015b\u0107 tylko na weekend.   <\/p>\n\n\n\n<ul class=\"wp-block-list\"><li>A)&nbsp; ~ 2 &#8211; 9 wrze\u015bnia<\/li><li>B) &nbsp;~ 15 &#8211; 23 wrze\u015bnia<\/li><\/ul>\n\n\n\n<p><strong>2. Noclegi <\/strong>(niskobud\u017cetowe; dla orientacji standardu i ceny) <strong>:<\/strong><\/p>\n\n\n\n<p><strong>A) Stara le\u015bna<\/strong><\/p>\n\n\n\n<ul class=\"wp-block-list\"><li><a href=\"https:\/\/www.nocowanie.pl\/slowacja\/noclegi\/stara_lesna\/pensjonaty\/61512\/\">Chata Felicja<\/a> \u2013 nocleg oko\u0142o 10 euro \/ noc \/ os<\/li><li><a href=\"https:\/\/www.nocowanie.pl\/slowacja\/noclegi\/stara_lesna\/kwatery_i_pokoje\/112277\/\"> Priv\u00e1t-Magdalenka<\/a>&nbsp; &#8211; nocleg 8 euro \/ noc \/ os<br><\/li><\/ul>\n\n\n\n<p><strong>B) Nowa Le\u015bna<\/strong><\/p>\n\n\n\n<ul class=\"wp-block-list\"><li> Przyk\u0142adowe miejsce noclegowe: <a href=\"https:\/\/www.nocowanie.pl\/slowacja\/noclegi\/nova_lesna\/\">Nova le\u015bna &#8211; noclegi<\/a> <\/li><\/ul>\n\n\n\n<p><strong>3. Wycieczki &#8211; propozycje<\/strong><br><\/p>\n\n\n\n<ul class=\"wp-block-gallery columns-2 is-cropped wp-block-gallery-1 is-layout-flex wp-block-gallery-is-layout-flex\"><li class=\"blocks-gallery-item\"><figure><img loading=\"lazy\" decoding=\"async\" width=\"800\" height=\"534\" src=\"http:\/\/kienig.pl\/wp-content\/uploads\/2019\/08\/b202588_slowacja_tatry_wysokie_dolina_zimnej_wody.jpg\" alt=\"\" data-id=\"292\" data-link=\"http:\/\/kienig.pl\/?attachment_id=292\" class=\"wp-image-292\" srcset=\"http:\/\/kienig.pl\/wp-content\/uploads\/2019\/08\/b202588_slowacja_tatry_wysokie_dolina_zimnej_wody.jpg 800w, http:\/\/kienig.pl\/wp-content\/uploads\/2019\/08\/b202588_slowacja_tatry_wysokie_dolina_zimnej_wody-300x200.jpg 300w, http:\/\/kienig.pl\/wp-content\/uploads\/2019\/08\/b202588_slowacja_tatry_wysokie_dolina_zimnej_wody-768x513.jpg 768w\" sizes=\"auto, (max-width: 800px) 100vw, 800px\" \/><\/figure><\/li><li class=\"blocks-gallery-item\"><figure><img loading=\"lazy\" decoding=\"async\" width=\"1000\" height=\"563\" src=\"http:\/\/kienig.pl\/wp-content\/uploads\/2019\/08\/popradzki-staw.jpeg\" alt=\"\" data-id=\"293\" data-link=\"http:\/\/kienig.pl\/?attachment_id=293\" class=\"wp-image-293\" srcset=\"http:\/\/kienig.pl\/wp-content\/uploads\/2019\/08\/popradzki-staw.jpeg 1000w, http:\/\/kienig.pl\/wp-content\/uploads\/2019\/08\/popradzki-staw-300x169.jpeg 300w, http:\/\/kienig.pl\/wp-content\/uploads\/2019\/08\/popradzki-staw-768x432.jpeg 768w\" sizes=\"auto, (max-width: 1000px) 100vw, 1000px\" \/><\/figure><\/li><li class=\"blocks-gallery-item\"><figure><img loading=\"lazy\" decoding=\"async\" width=\"900\" height=\"596\" src=\"http:\/\/kienig.pl\/wp-content\/uploads\/2019\/08\/Dolina-Zimnej-Wody-8.jpg\" alt=\"\" data-id=\"294\" data-link=\"http:\/\/kienig.pl\/?attachment_id=294\" class=\"wp-image-294\" srcset=\"http:\/\/kienig.pl\/wp-content\/uploads\/2019\/08\/Dolina-Zimnej-Wody-8.jpg 900w, http:\/\/kienig.pl\/wp-content\/uploads\/2019\/08\/Dolina-Zimnej-Wody-8-300x199.jpg 300w, http:\/\/kienig.pl\/wp-content\/uploads\/2019\/08\/Dolina-Zimnej-Wody-8-768x509.jpg 768w\" sizes=\"auto, (max-width: 900px) 100vw, 900px\" \/><\/figure><\/li><li class=\"blocks-gallery-item\"><figure><img loading=\"lazy\" decoding=\"async\" width=\"900\" height=\"595\" src=\"http:\/\/kienig.pl\/wp-content\/uploads\/2019\/08\/Popradzki-i-Szczyrbskie-Jezioro-21.jpg\" alt=\"\" data-id=\"295\" data-link=\"http:\/\/kienig.pl\/?attachment_id=295\" class=\"wp-image-295\" srcset=\"http:\/\/kienig.pl\/wp-content\/uploads\/2019\/08\/Popradzki-i-Szczyrbskie-Jezioro-21.jpg 900w, http:\/\/kienig.pl\/wp-content\/uploads\/2019\/08\/Popradzki-i-Szczyrbskie-Jezioro-21-300x198.jpg 300w, http:\/\/kienig.pl\/wp-content\/uploads\/2019\/08\/Popradzki-i-Szczyrbskie-Jezioro-21-768x508.jpg 768w\" sizes=\"auto, (max-width: 900px) 100vw, 900px\" \/><\/figure><\/li><li class=\"blocks-gallery-item\"><figure><img loading=\"lazy\" decoding=\"async\" width=\"1024\" height=\"768\" src=\"http:\/\/kienig.pl\/wp-content\/uploads\/2019\/08\/Piec_Stawow_Spiskich-1024x768.jpg\" alt=\"\" data-id=\"296\" data-link=\"http:\/\/kienig.pl\/?attachment_id=296\" class=\"wp-image-296\" srcset=\"http:\/\/kienig.pl\/wp-content\/uploads\/2019\/08\/Piec_Stawow_Spiskich-1024x768.jpg 1024w, http:\/\/kienig.pl\/wp-content\/uploads\/2019\/08\/Piec_Stawow_Spiskich-300x225.jpg 300w, http:\/\/kienig.pl\/wp-content\/uploads\/2019\/08\/Piec_Stawow_Spiskich-768x576.jpg 768w\" sizes=\"auto, (max-width: 1024px) 100vw, 1024px\" \/><figcaption>OLYMPUS DIGITAL CAMERA<\/figcaption><\/figure><\/li><\/ul>\n\n\n\n<p><strong>3.1 Dolina zimnej wody (Studena Dolina)<\/strong><\/p>\n\n\n\n<p>Jedno z najcz\u0119\u015bciej odwiedzanych\nmiejsc w Tatrach \u2013 w okolicy Smokowc\u00f3w i Tatrza\u0144skiej \u0141omnicy.<\/p>\n\n\n\n<p>Dolina jest znana g\u0142\u00f3wnie z potoku o tej\nsamej nazwie oraz wodospad\u00f3w. Dzieli si\u0119 na dwie ga\u0142\u0119zie: Dolin\u0119 Starole\u015bn\u0105 i Dolin\u0119 Ma\u0142ej Zimnej Wody.<\/p>\n\n\n\n<p><strong>TRASA przyk\u0142adowa:<\/strong> TATRZA\u0143SKA \u0141OMNICA \u2013 WODOSPADY ZIMNEJ WODY \u2013 CHATA RAINERA [szlak\nniebieski <strong>2 h<\/strong> <strong>10 min<\/strong>, 445 m r\u00f3\u017cnicy wzniesie\u0144] &#8211; TATRZA\u0143SKA\nLE\u015aNA [szlak\nniebieski, \u017c\u00f3\u0142ty <strong>1<\/strong><strong> <\/strong><strong>h<\/strong><strong>\n<\/strong><strong>40<\/strong><strong> <\/strong><strong>min<\/strong>]<\/p>\n\n\n\n<p><strong>\u015aredni \u0142\u0105czny czas\nprzej\u015bcia<\/strong>: oko\u0142o <strong>4 h<\/strong>\n, przewy\u017cszenie \u2013 oko\u0142o <strong>445 m<\/strong><\/p>\n\n\n\n<p>Inne\nwej\u015bcie wiedzie przez Hrebienok\n(\u201eodpowiednik\u201d zakopia\u0144skiej Guba\u0142\u00f3wki), na kt\u00f3ry mo\u017cna\nwjecha\u0107 kolejk\u0105 szynowo \u2013 linow\u0105<\/p>\n\n\n\n<p><strong>Opis:<\/strong> <a href=\"http:\/\/www.wiecznatulaczka.pl\/tatry-dolina-zimnej-wody-opis-szlakow\/\">http:\/\/www.wiecznatulaczka.pl\/tatry-dolina-zimnej-wody-opis-szlakow\/<\/a><\/p>\n\n\n\n<figure class=\"wp-block-image\"><img loading=\"lazy\" decoding=\"async\" width=\"1024\" height=\"761\" src=\"http:\/\/kienig.pl\/wp-content\/uploads\/2019\/08\/Dolina-zimnej-wody-1024x761.jpg\" alt=\"\" class=\"wp-image-286\" srcset=\"http:\/\/kienig.pl\/wp-content\/uploads\/2019\/08\/Dolina-zimnej-wody-1024x761.jpg 1024w, http:\/\/kienig.pl\/wp-content\/uploads\/2019\/08\/Dolina-zimnej-wody-300x223.jpg 300w, http:\/\/kienig.pl\/wp-content\/uploads\/2019\/08\/Dolina-zimnej-wody-768x571.jpg 768w, http:\/\/kienig.pl\/wp-content\/uploads\/2019\/08\/Dolina-zimnej-wody.jpg 1062w\" sizes=\"auto, (max-width: 1024px) 100vw, 1024px\" \/><\/figure>\n\n\n\n<p><strong>3.2<\/strong>&nbsp; <strong>Popradzki staw  (<\/strong>1500 m n.p.m)<\/p>\n\n\n\n<p><strong>Trasa:<\/strong> Przystanek elektriczki\n\u201ePopradsk\u00e9 pleso\u201d (przyjazd autem lub elektriczk\u0105) \u2013 Symboliczny Cmentarz Ofiar\nTatr \u2013 Popradzki Staw \u2013 Szczyrbskie Jezioro (powr\u00f3t do aut elektriczk\u0105).<\/p>\n\n\n\n<p><strong>\u015aredni czas\nprzej\u015bcia<\/strong>: 4 h ,\nprzewy\u017cszenie \u2013 oko\u0142o <strong>250m<\/strong><\/p>\n\n\n\n<p>Opis: <a href=\"http:\/\/www.wiecznatulaczka.pl\/dwa-stawy-czyli-popradzki-staw-szczyrbskie-jezioro\/\">http:\/\/www.wiecznatulaczka.pl\/dwa-stawy-czyli-popradzki-staw-szczyrbskie-jezioro\/<\/a><\/p>\n\n\n\n<p>Nad Stawem znajduje si\u0119 schronisko, zaplecze\ngastronomiczne, jest \u015bcie\u017cka nad brzegiem. <\/p>\n\n\n\n<p>Osoby, kt\u00f3re chcia\u0142yby si\u0119 troch\u0119 bardziej zm\u0119czy\u0107, mog\u0105 wej\u015b\u0107 na prze\u0142\u0119cz pod Ostrvou \u2013 podej\u015bcie zakosami oko\u0142o 500m w g\u00f3r\u0119 \ud83d\ude0a (<strong>2h 45min<\/strong> w obie strony)<\/p>\n\n\n\n<figure class=\"wp-block-image\"><img loading=\"lazy\" decoding=\"async\" width=\"890\" height=\"573\" src=\"http:\/\/kienig.pl\/wp-content\/uploads\/2019\/08\/Popradzki-staw.png\" alt=\"\" class=\"wp-image-287\" srcset=\"http:\/\/kienig.pl\/wp-content\/uploads\/2019\/08\/Popradzki-staw.png 890w, http:\/\/kienig.pl\/wp-content\/uploads\/2019\/08\/Popradzki-staw-300x193.png 300w, http:\/\/kienig.pl\/wp-content\/uploads\/2019\/08\/Popradzki-staw-768x494.png 768w\" sizes=\"auto, (max-width: 890px) 100vw, 890px\" \/><\/figure>\n\n\n\n<p><strong>3.3<\/strong>&nbsp; Dolin\u0105 ma\u0142ej zimnej wody do schroniska Teryego (2015 m n.p.m)<\/p>\n\n\n\n<p><strong>TRASA:<\/strong> STARY SMOKOWIEC \u2013 HREBIENOK (Siode\u0142ko)- ROZDRO\u017bE NAD RAINEROW\u0104\nCHAT\u0104 \u2013 DOLINA MA\u0141EJ ZIMNEJ WODY \u2013 SCHRONISKO T\u00c9RYEGO \u2013 DOLINA PI\u0118CIU STAW\u00d3W\nSPISKICH \u2013 szlak zielony<\/p>\n\n\n\n<p><strong>CZAS w\nJEDN\u0104 STRON\u0118:<\/strong> (\u015bredni, bez odpoczynk\u00f3w) <strong>3 h\n45 min<\/strong> ze Starego Smokowca przez Siode\u0142ko (szlak zielony);<\/p>\n\n\n\n<p><strong>2 h 15 min<\/strong> od rozdro\u017ca nad Rainerow\u0105 Chat\u0105, <\/p>\n\n\n\n<p><strong>PRZEWY\u017bSZENIE<\/strong> \u2013 <strong>1000<\/strong>m<\/p>\n\n\n\n<p>Ze starego Smokowca (1020 m.n.p.m) na Hrebienok (1280 m.n.p.m)\ni z powrotem mo\u017cna wjecha\u0107 kolejk\u0105 szynowo \u2013 linow\u0105 (koszt &#8211; 9 euro w obie\nstrony)<\/p>\n\n\n\n<p>Opis:&nbsp; <a href=\"http:\/\/www.wiecznatulaczka.pl\/tatry-dolina-malej-zimnej-wody-opis-szlaku-schroniska-teryego\/\">http:\/\/www.wiecznatulaczka.pl\/tatry-dolina-malej-zimnej-wody-opis-szlaku-schroniska-teryego\/<\/a><\/p>\n\n\n\n<figure class=\"wp-block-image\"><img loading=\"lazy\" decoding=\"async\" width=\"418\" height=\"392\" src=\"http:\/\/kienig.pl\/wp-content\/uploads\/2019\/08\/Schronisko-Teryego.png\" alt=\"\" class=\"wp-image-288\" srcset=\"http:\/\/kienig.pl\/wp-content\/uploads\/2019\/08\/Schronisko-Teryego.png 418w, http:\/\/kienig.pl\/wp-content\/uploads\/2019\/08\/Schronisko-Teryego-300x281.png 300w\" sizes=\"auto, (max-width: 418px) 100vw, 418px\" \/><\/figure>\n\n\n\n<p><strong><br>\n<\/strong><\/p>\n\n\n\n<p><strong>3.4) DOLIN\u0104 STAROLE\u015aN\u0104 DO ZB\u00d3JNICKIEJ CHATY <\/strong>(1960 m.n.p.m)<\/p>\n\n\n\n<p><strong>TRASA<\/strong>: \u2026 &#8211; ROZDRO\u017bE\nNAD RAINEROW\u0104 CHAT\u0104 \u2013 DOLINA STAROLE\u015aNA \u2013 SCHRONISKO ZB\u00d3JNICKA CHATA<\/p>\n\n\n\n<p><strong>CZAS <\/strong><strong>w JEDN\u0104 STRON\u0118<\/strong><strong>:<\/strong> (\u015bredni, bez odpoczynk\u00f3w) <strong>2\nh 20 min<\/strong> od rozdro\u017ca nad Rainerow\u0105 Chat\u0105, 4 h 30 min od Tatrza\u0144skiej\n\u0141omnicy (szlak niebieski), 4 h 15 min od Tatrza\u0144skiej Le\u015bnej (szlak \u017c\u00f3\u0142ty,\nniebieski), <br>\n<strong>3 h 40 min<\/strong> od Starego Smokowca przez Siode\u0142ko (szlak zielony, czerwony i\nniebieski)<\/p>\n\n\n\n<p><strong>PRZEWY\u017bSZENIE<\/strong> \u2013 <strong>935 m<\/strong> (od Starego Smokowca)<\/p>\n\n\n\n<p>Opis: <a href=\"http:\/\/www.wiecznatulaczka.pl\/tatry-dolina-starolesna-opis-szlaku-zbojnickiej-chaty\/\">http:\/\/www.wiecznatulaczka.pl\/tatry-dolina-starolesna-opis-szlaku-zbojnickiej-chaty\/<\/a><\/p>\n\n\n\n<figure class=\"wp-block-image\"><img loading=\"lazy\" decoding=\"async\" width=\"816\" height=\"534\" src=\"http:\/\/kienig.pl\/wp-content\/uploads\/2019\/08\/DOLIN\u0104-STAROLE\u015aN\u0104-DO-ZB\u00d3JNICKIEJ-CHATY.png\" alt=\"\" class=\"wp-image-289\" srcset=\"http:\/\/kienig.pl\/wp-content\/uploads\/2019\/08\/DOLIN\u0104-STAROLE\u015aN\u0104-DO-ZB\u00d3JNICKIEJ-CHATY.png 816w, http:\/\/kienig.pl\/wp-content\/uploads\/2019\/08\/DOLIN\u0104-STAROLE\u015aN\u0104-DO-ZB\u00d3JNICKIEJ-CHATY-300x196.png 300w, http:\/\/kienig.pl\/wp-content\/uploads\/2019\/08\/DOLIN\u0104-STAROLE\u015aN\u0104-DO-ZB\u00d3JNICKIEJ-CHATY-768x503.png 768w\" sizes=\"auto, (max-width: 816px) 100vw, 816px\" \/><\/figure>\n\n\n\n<p>3.5) Zielony\nStaw Kie\u017cmarski (1545 m.n.p.m)<\/p>\n\n\n\n<p><strong>TRASA 1 <\/strong>(Tam)<strong>: <\/strong>BIA\u0141A WODA KIE\u017bMARSKA (910 m.n.p.m) \u2013 ZIELONY STAW KIE\u017bMARSKI,\nszlak \u017c\u00f3\u0142ty<\/p>\n\n\n\n<p><strong>CZAS<\/strong> w JEDN\u0104 STRON\u0118 &#8211; <strong>2 h 30 min<\/strong><\/p>\n\n\n\n<p><strong>PRZEWY\u017bSZENIE \u2013 <\/strong>635\nm<\/p>\n\n\n\n<p><strong>TRASA 2<\/strong> (P\u0119tla z\n\u201edodatkiem\u201d): BIA\u0141A WODA\nKIE\u017bMARSKA \u2013 ZIELONY STAW KIE\u017bMARSKI \u2013 WIELKI BIA\u0141Y STAW (1610 m.n.p.m) \u2013\nDOLINA PRZEDNICH KOPERSZAD\u00d3W \u2013 POLANA RAKUSKA \u2013 SCHRONISKO POD SZAROTK\u0104 \u2013\nCZARNA DOLINA RAKUSKA \u2013 BIA\u0141A WODA KIE\u017bMARSKA<\/p>\n\n\n\n<p><strong>CZAS<\/strong> \u2013 7 godzin&nbsp;&nbsp;&nbsp;&nbsp;&nbsp;&nbsp;&nbsp;&nbsp;&nbsp;&nbsp;&nbsp;&nbsp;&nbsp;&nbsp;&nbsp;&nbsp;&nbsp;&nbsp;&nbsp;&nbsp;&nbsp;&nbsp;&nbsp;&nbsp;&nbsp;&nbsp;&nbsp;&nbsp;&nbsp;&nbsp; <strong>PRZEWY\u017bSZENIE\n\u2013 <\/strong>705 m<\/p>\n\n\n\n<p><strong>OPIS<\/strong>: <a href=\"http:\/\/www.wiecznatulaczka.pl\/zielony-staw-kiezmarski-opis-szlaku\/\">http:\/\/www.wiecznatulaczka.pl\/zielony-staw-kiezmarski-opis-szlaku\/<\/a><\/p>\n\n\n\n<p>OPCJA dla lubi\u0105cych wi\u0119cej i wy\u017cej chodzi\u0107 (z ZIELONEGO STAWU KIE\u017bMARSKIEGO):<\/p>\n\n\n\n<p>\u2013 JAGNI\u0118CY SZCZYT (2230 m.n.p.m) <\/p>\n\n\n\n<p>Czas <strong>+<\/strong> oko\u0142o 4 h 30 min w obie\nstrony<\/p>\n\n\n\n<p>Przewy\u017cszenie + 685 m<\/p>\n\n\n\n<p>OPIS: <a href=\"http:\/\/www.wiecznatulaczka.pl\/jagniecy-szczyt-opis-szlaku\/\">http:\/\/www.wiecznatulaczka.pl\/jagniecy-szczyt-opis-szlaku\/<\/a><\/p>\n\n\n\n<p><strong>3.6) INNE CIEKAWE\nWYPRAWY W TARTACH WYSOKICH<\/strong><strong> :<\/strong><\/p>\n\n\n\n<p>3.6.1) RYSY (2499 m.n.p.m) z Popradzkiego Stawu<\/p>\n\n\n\n<p>&nbsp;&nbsp;&nbsp;&nbsp;&nbsp;&nbsp;&nbsp;&nbsp;&nbsp;&nbsp;&nbsp; OPIS:\n<a href=\"http:\/\/www.wiecznatulaczka.pl\/rysy-z-popradzkiego-stawu\/\">http:\/\/www.wiecznatulaczka.pl\/rysy-z-popradzkiego-stawu\/<\/a><\/p>\n\n\n\n<p>3.6.2) KRYWA\u0143 (2494 m.n.p.m)<\/p>\n\n\n\n<p>&nbsp;&nbsp;&nbsp;&nbsp;&nbsp;&nbsp;&nbsp;&nbsp;&nbsp;&nbsp;&nbsp; OPIS:\n<a href=\"http:\/\/www.wiecznatulaczka.pl\/tatry-opis-szlaku-na-krywan\/\">http:\/\/www.wiecznatulaczka.pl\/tatry-opis-szlaku-na-krywan\/<\/a><\/p>\n\n\n\n<p>3.6.3) S\u0141AWKOWSKI SZCZYT (2452 m.n.p.m)<\/p>\n\n\n\n<p>&nbsp;&nbsp;&nbsp;&nbsp;&nbsp;&nbsp;&nbsp;&nbsp;&nbsp;&nbsp;&nbsp; OPIS:\n<a href=\"http:\/\/www.wiecznatulaczka.pl\/tatry-slawkowski-szczyt-opis-szlaku\/\">http:\/\/www.wiecznatulaczka.pl\/tatry-slawkowski-szczyt-opis-szlaku\/<\/a><\/p>\n\n\n\n<p><strong>3.7) WYCIECZKI W INNE\nREGIONY<\/strong><strong> \u2013 WARTO\nWZI\u0104\u0106 POD UWAG\u0118 JE\u015aLI W TATRACH JEST NIEPOGODA, A NAWET &#8211; NIEZALE\u017bNIE OD\nPOGODY:<\/strong><\/p>\n\n\n\n<p><strong>3.7.1) S\u0141OWACKI RAJ<\/strong>\n\u2013 &nbsp;\u201eS\u0142owacki\nRaj (Slovensk\u00fd raj) to s\u0142ynny na ca\u0142\u0105 Europ\u0119 region turystyczny we wschodniej\ncz\u0119\u015bci S\u0142owacji, kt\u00f3ry od 1988 stanowi park narodowy. Jest to krasowy p\u0142askowy\u017c\no \u015bredniej wysoko\u015bci 800-1000 m, g\u0119sto poorany stromymi, malowniczymi kanionami\noraz parowami.\u201d<\/p>\n\n\n\n<p>To miejsce oddalone o oko\u0142o <strong>50 km<\/strong> od miejscowo\u015bci\nStara Le\u015bna.<\/p>\n\n\n\n<p>CHARAKTERYSTYKA : <a href=\"http:\/\/www.wiecznatulaczka.pl\/slowacki-raj-informacje-praktyczne\/\">http:\/\/www.wiecznatulaczka.pl\/slowacki-raj-informacje-praktyczne\/<\/a><\/p>\n\n\n\n<p>RELACJA Z PRZYK\u0141ADOWEJ WYCIECZKI: <a href=\"http:\/\/www.wiecznatulaczka.pl\/slowacki-raj-sucha-bela-klasztorisko-tomaszowski-widok-przelom-hornadu\/\">http:\/\/www.wiecznatulaczka.pl\/slowacki-raj-sucha-bela-klasztorisko-tomaszowski-widok-przelom-hornadu\/<\/a><\/p>\n\n\n\n<p><strong>Uwaga:<\/strong><\/p>\n\n\n\n<p>Blog<strong>&nbsp;&nbsp;&nbsp;&nbsp;&nbsp;&nbsp; <\/strong><a href=\"http:\/\/www.wiecznatulaczka.pl\/\">http:\/\/www.wiecznatulaczka.pl<\/a>,\nna kt\u00f3ry si\u0119 powo\u0142uj\u0119, jest blogiem og\u00f3lnodost\u0119pnym. Korzysta\u0142em ju\u017c z niego w\nniedalekiej przesz\u0142o\u015bci, bo wed\u0142ug mnie jest dobrym \u017ar\u00f3d\u0142em informacji o\ntatrza\u0144skich szlakach.<\/p>\n\n\n\n<p style=\"text-align:right\">Krzysztof Bylicki &amp; DreamTeam<\/p>\n","protected":false},"excerpt":{"rendered":"<p>Je\u015bli kto\u015b nie by\u0142 jeszcze w Tatrach S\u0142owackich (a nawet je\u015bli by\u0142) proponuj\u0119 przeczyta\u0107: https:\/\/www.podrozepoeuropie.pl\/tatry-slowackie\/ Znajdziemy tu du\u017co przydatnych informacji o regionie, jego atrakcjach, cenach niekt\u00f3rych us\u0142ug, praktyczne porady \u2026 Wa\u017cn\u0105 informacj\u0105 jest to, \u017ce warto wykupi\u0107 ubezpieczenie turystyczne, gdy\u017c akcje ratownicze w Tatrach s\u0142owackich s\u0105 ODP\u0141ATNE! 1. Termin:&nbsp;&nbsp; Wybierzemy jeden, ten kt\u00f3ry b\u0119dzie pasowa [&hellip;]<\/p>\n","protected":false},"author":1,"featured_media":0,"parent":0,"menu_order":0,"comment_status":"closed","ping_status":"closed","template":"","meta":{"footnotes":""},"class_list":["post-282","page","type-page","status-publish","hentry"],"_links":{"self":[{"href":"http:\/\/kienig.pl\/index.php?rest_route=\/wp\/v2\/pages\/282","targetHints":{"allow":["GET"]}}],"collection":[{"href":"http:\/\/kienig.pl\/index.php?rest_route=\/wp\/v2\/pages"}],"about":[{"href":"http:\/\/kienig.pl\/index.php?rest_route=\/wp\/v2\/types\/page"}],"author":[{"embeddable":true,"href":"http:\/\/kienig.pl\/index.php?rest_route=\/wp\/v2\/users\/1"}],"replies":[{"embeddable":true,"href":"http:\/\/kienig.pl\/index.php?rest_route=%2Fwp%2Fv2%2Fcomments&post=282"}],"version-history":[{"count":11,"href":"http:\/\/kienig.pl\/index.php?rest_route=\/wp\/v2\/pages\/282\/revisions"}],"predecessor-version":[{"id":315,"href":"http:\/\/kienig.pl\/index.php?rest_route=\/wp\/v2\/pages\/282\/revisions\/315"}],"wp:attachment":[{"href":"http:\/\/kienig.pl\/index.php?rest_route=%2Fwp%2Fv2%2Fmedia&parent=282"}],"curies":[{"name":"wp","href":"https:\/\/api.w.org\/{rel}","templated":true}]}}