{"id":12,"date":"2014-04-10T13:14:48","date_gmt":"2014-04-10T13:14:48","guid":{"rendered":"http:\/\/kienig.pl\/?page_id=12"},"modified":"2020-06-15T23:57:29","modified_gmt":"2020-06-15T21:57:29","slug":"zjazd-2014","status":"publish","type":"page","link":"http:\/\/kienig.pl\/?page_id=12","title":{"rendered":"Zjazd rodziny 2021"},"content":{"rendered":"<h1 style=\"text-align: center;\"><iframe loading=\"lazy\" style=\"border: 0;\" src=\"https:\/\/www.google.com\/maps\/embed?pb=!1m18!1m12!1m3!1d1050.1835347734818!2d20.809511772024827!3d53.01282132052014!2m3!1f0!2f0!3f0!3m2!1i1024!2i768!4f13.1!3m3!1m2!1s0x0%3A0xd2d6141aff2dc351!2sSzk%C3%B3%C5%82ka+drzew+i+krzew%C3%B3w+ozdobnych!5e1!3m2!1spl!2spl!4v1397138751997\" width=\"875\" height=\"200\" frameborder=\"0\"><\/iframe><\/h1>\n<h2>Zjazd rodziny <del>2020<\/del> przesuni\u0119ty na rok 2021<\/h2>\n<p>Kochani, w zwi\u0105zku z niepewn\u0105 sytuacj\u0105, w trosce o nas wszystkich, ale przede wszystkim w trosce o zdrowie naszych<strong> kochanych Senior\u00f3w<\/strong> uznali\u015bmy za konieczne prze\u0142o\u017cenie zjazd rodzinnego z tego roku, na rok przysz\u0142y. Nowy termin zjazdu to<\/p>\n<h4 style=\"text-align: center;\"><strong>26 czerwca 2021.<br \/><\/strong><\/h4>\n\n\n<p>Jednocze\u015bnie obiecankujemy :), \u017ce postaramy si\u0119 wszystkim wam wynagrodzi\u0107 ten zaw\u00f3d  i zintensyfikujemy swoje dzia\u0142ania na wszystkich innych polach. Zach\u0119camy te\u017c Was do podsy\u0142ania pomys\u0142\u00f3w i zaanga\u017cowania.<\/p>\n\n\n\n<p><\/p>\n","protected":false},"excerpt":{"rendered":"<p>Zjazd rodziny 2020 przesuni\u0119ty na rok 2021 Kochani, w zwi\u0105zku z niepewn\u0105 sytuacj\u0105, w trosce o nas wszystkich, ale przede wszystkim w trosce o zdrowie naszych kochanych Senior\u00f3w uznali\u015bmy za konieczne prze\u0142o\u017cenie zjazd rodzinnego z tego roku, na rok przysz\u0142y. Nowy termin zjazdu to 26 czerwca 2021. Jednocze\u015bnie obiecankujemy :), \u017ce postaramy si\u0119 wszystkim wam [&hellip;]<\/p>\n","protected":false},"author":1,"featured_media":0,"parent":0,"menu_order":0,"comment_status":"open","ping_status":"open","template":"onecolumn-page.php","meta":{"footnotes":""},"class_list":["post-12","page","type-page","status-publish","hentry"],"_links":{"self":[{"href":"http:\/\/kienig.pl\/index.php?rest_route=\/wp\/v2\/pages\/12","targetHints":{"allow":["GET"]}}],"collection":[{"href":"http:\/\/kienig.pl\/index.php?rest_route=\/wp\/v2\/pages"}],"about":[{"href":"http:\/\/kienig.pl\/index.php?rest_route=\/wp\/v2\/types\/page"}],"author":[{"embeddable":true,"href":"http:\/\/kienig.pl\/index.php?rest_route=\/wp\/v2\/users\/1"}],"replies":[{"embeddable":true,"href":"http:\/\/kienig.pl\/index.php?rest_route=%2Fwp%2Fv2%2Fcomments&post=12"}],"version-history":[{"count":47,"href":"http:\/\/kienig.pl\/index.php?rest_route=\/wp\/v2\/pages\/12\/revisions"}],"predecessor-version":[{"id":320,"href":"http:\/\/kienig.pl\/index.php?rest_route=\/wp\/v2\/pages\/12\/revisions\/320"}],"wp:attachment":[{"href":"http:\/\/kienig.pl\/index.php?rest_route=%2Fwp%2Fv2%2Fmedia&parent=12"}],"curies":[{"name":"wp","href":"https:\/\/api.w.org\/{rel}","templated":true}]}}